{"id":271,"date":"2025-04-09T15:03:42","date_gmt":"2025-04-09T15:03:42","guid":{"rendered":"https:\/\/bluedreamhotel.ms2.decms.eu\/?page_id=271"},"modified":"2025-10-29T16:46:10","modified_gmt":"2025-10-29T16:46:10","slug":"serviceleistungen","status":"publish","type":"page","link":"https:\/\/www.bluedreamhotel.it\/de\/serviceleistungen\/","title":{"rendered":"Serviceleistungen"},"content":{"rendered":"<p>Das Fr\u00fchst\u00fcck wird von Montag bis Freitag von 07:00 bis 09:00 Uhr serviert, samstags und sonntags von 07:30 bis 09:30 Uhr.<\/p>\n<p>Der Check-in ist von 14:00 bis 22:30 Uhr m\u00f6glich.<\/p>\n<p>Der Check-out muss sp\u00e4testens bis 11:00 Uhr erfolgen.<\/p>\n<p>Sp\u00e4ter Check-out bis 16:00 Uhr kostet \u20ac 35,00.<\/p>\n<p>Kleine Haustiere sind nur auf Anfrage erlaubt, mit einem Aufpreis von \u20ac15,00 pro Tag.<br data-start=\"310\" data-end=\"313\" \/>Eine vorherige Absprache ist erforderlich, da die daf\u00fcr vorgesehenen Zimmer nur in begrenzter Anzahl verf\u00fcgbar sind.<\/p>\n<p>Der Swimmingpool ist in den Sommermonaten von 10:00 bis 19:00 Uhr ge\u00f6ffnet (Schwimmkappenpflicht).<\/p>\n<p><em>*Glasfaser-WLAN ist kostenlos \u00fcber den Facebook-Zugang oder gegen Geb\u00fchr nutzbar.<\/em><\/p>\n","protected":false},"excerpt":{"rendered":"<p>Das Fr\u00fchst\u00fcck wird von Montag bis Freitag von 07:00 bis 09:00 Uhr serviert, samstags und sonntags von 07:30 bis 09:30 Uhr. Der Check-in ist von 14:00 bis 22:30 Uhr m\u00f6glich. Der Check-out muss sp\u00e4testens bis 11:00 Uhr erfolgen. Sp\u00e4ter Check-out bis 16:00 Uhr kostet \u20ac 35,00. Kleine Haustiere sind nur auf Anfrage erlaubt, mit einem [&hellip;]<\/p>\n","protected":false},"author":26,"featured_media":0,"parent":0,"menu_order":50,"comment_status":"closed","ping_status":"closed","template":"template-services.php","meta":{"footnotes":""},"class_list":["post-271","page","type-page","status-publish","hentry"],"yoast_head":"<!-- This site is optimized with the Yoast SEO plugin v27.3 - https:\/\/yoast.com\/product\/yoast-seo-wordpress\/ -->\n<title>Serviceleistungen - Blue Dream Hotel -<\/title>\n<meta name=\"description\" content=\"Das Fr\u00fchst\u00fcck wird von Montag bis Freitag von 07:00 bis 09:00 Uhr serviert, samstags und sonntags von 07:30 bis 09:30 Uhr.  Der Check-in ist von 14:00 bis 22:30 Uhr m\u00f6glich.  Der Check-out muss sp\u00e4testens bis 11:00 Uhr erfolgen.  Sp\u00e4ter Check-out bis 16:00 Uhr kostet \u20ac 35,00.  Kleine Haustiere sind nur auf Anfrage erlaubt, mit einem Aufpreis von \u20ac15,00 pro Tag.Eine vorherige Absprache ist erforderlich, da die daf\u00fcr vorgesehenen Zimmer nur in begrenzter Anzahl verf\u00fcgbar sind.  Der Swimmingpool ist in den Sommermonaten von 10:00 bis 19:00 Uhr ge\u00f6ffnet (Schwimmkappenpflicht).  *Glasfaser-WLAN ist kostenlos \u00fcber den Facebook-Zugang oder gegen Geb\u00fchr nutzbar..\" \/>\n<meta name=\"robots\" content=\"index, follow, max-snippet:-1, max-image-preview:large, max-video-preview:-1\" \/>\n<link rel=\"canonical\" href=\"https:\/\/www.bluedreamhotel.it\/de\/serviceleistungen\/\" \/>\n<meta property=\"og:locale\" content=\"de_DE\" \/>\n<meta property=\"og:type\" content=\"article\" \/>\n<meta property=\"og:title\" content=\"Serviceleistungen - Blue Dream Hotel -\" \/>\n<meta property=\"og:description\" content=\"Das Fr\u00fchst\u00fcck wird von Montag bis Freitag von 07:00 bis 09:00 Uhr serviert, samstags und sonntags von 07:30 bis 09:30 Uhr.  Der Check-in ist von 14:00 bis 22:30 Uhr m\u00f6glich.  Der Check-out muss sp\u00e4testens bis 11:00 Uhr erfolgen.  Sp\u00e4ter Check-out bis 16:00 Uhr kostet \u20ac 35,00.  Kleine Haustiere sind nur auf Anfrage erlaubt, mit einem Aufpreis von \u20ac15,00 pro Tag.Eine vorherige Absprache ist erforderlich, da die daf\u00fcr vorgesehenen Zimmer nur in begrenzter Anzahl verf\u00fcgbar sind.  Der Swimmingpool ist in den Sommermonaten von 10:00 bis 19:00 Uhr ge\u00f6ffnet (Schwimmkappenpflicht).  *Glasfaser-WLAN ist kostenlos \u00fcber den Facebook-Zugang oder gegen Geb\u00fchr nutzbar..\" \/>\n<meta property=\"og:url\" content=\"https:\/\/www.bluedreamhotel.it\/de\/serviceleistungen\/\" \/>\n<meta property=\"og:site_name\" content=\"Blue Dream Hotel\" \/>\n<meta property=\"article:publisher\" content=\"https:\/\/www.facebook.com\/hotelbluedream\/\" \/>\n<meta property=\"article:modified_time\" content=\"2025-10-29T16:46:10+00:00\" \/>\n<meta property=\"og:image\" content=\"https:\/\/www.bluedreamhotel.it\/wp-content\/uploads\/sites\/238\/2025\/04\/blue_dream_hotel_slide_01.jpg\" \/>\n\t<meta property=\"og:image:width\" content=\"2200\" \/>\n\t<meta property=\"og:image:height\" content=\"1200\" \/>\n\t<meta property=\"og:image:type\" content=\"image\/jpeg\" \/>\n<meta name=\"twitter:card\" content=\"summary_large_image\" \/>\n<meta name=\"twitter:label1\" content=\"Gesch\u00e4tzte Lesezeit\" \/>\n\t<meta name=\"twitter:data1\" content=\"1 Minute\" \/>\n<script type=\"application\/ld+json\" class=\"yoast-schema-graph\">{\"@context\":\"https:\\\/\\\/schema.org\",\"@graph\":[{\"@type\":\"WebPage\",\"@id\":\"https:\\\/\\\/www.bluedreamhotel.it\\\/de\\\/serviceleistungen\\\/\",\"url\":\"https:\\\/\\\/www.bluedreamhotel.it\\\/de\\\/serviceleistungen\\\/\",\"name\":\"Serviceleistungen - Blue Dream Hotel -\",\"isPartOf\":{\"@id\":\"https:\\\/\\\/www.bluedreamhotel.it\\\/de\\\/#website\"},\"datePublished\":\"2025-04-09T15:03:42+00:00\",\"dateModified\":\"2025-10-29T16:46:10+00:00\",\"description\":\"Das Fr\u00fchst\u00fcck wird von Montag bis Freitag von 07:00 bis 09:00 Uhr serviert, samstags und sonntags von 07:30 bis 09:30 Uhr. Der Check-in ist von 14:00 bis 22:30 Uhr m\u00f6glich. Der Check-out muss sp\u00e4testens bis 11:00 Uhr erfolgen. Sp\u00e4ter Check-out bis 16:00 Uhr kostet \u20ac 35,00. Kleine Haustiere sind nur auf Anfrage erlaubt, mit einem Aufpreis von \u20ac15,00 pro Tag.Eine vorherige Absprache ist erforderlich, da die daf\u00fcr vorgesehenen Zimmer nur in begrenzter Anzahl verf\u00fcgbar sind. Der Swimmingpool ist in den Sommermonaten von 10:00 bis 19:00 Uhr ge\u00f6ffnet (Schwimmkappenpflicht). *Glasfaser-WLAN ist kostenlos \u00fcber den Facebook-Zugang oder gegen Geb\u00fchr nutzbar..\",\"breadcrumb\":{\"@id\":\"https:\\\/\\\/www.bluedreamhotel.it\\\/de\\\/serviceleistungen\\\/#breadcrumb\"},\"inLanguage\":\"de-DE\",\"potentialAction\":[{\"@type\":\"ReadAction\",\"target\":[\"https:\\\/\\\/www.bluedreamhotel.it\\\/de\\\/serviceleistungen\\\/\"]}]},{\"@type\":\"BreadcrumbList\",\"@id\":\"https:\\\/\\\/www.bluedreamhotel.it\\\/de\\\/serviceleistungen\\\/#breadcrumb\",\"itemListElement\":[{\"@type\":\"ListItem\",\"position\":1,\"name\":\"Home\",\"item\":\"https:\\\/\\\/www.bluedreamhotel.it\\\/de\\\/\"},{\"@type\":\"ListItem\",\"position\":2,\"name\":\"Serviceleistungen\"}]},{\"@type\":\"WebSite\",\"@id\":\"https:\\\/\\\/www.bluedreamhotel.it\\\/de\\\/#website\",\"url\":\"https:\\\/\\\/www.bluedreamhotel.it\\\/de\\\/\",\"name\":\"Blue Dream Hotel\",\"description\":\"\",\"publisher\":{\"@id\":\"https:\\\/\\\/www.bluedreamhotel.it\\\/de\\\/#organization\"},\"potentialAction\":[{\"@type\":\"SearchAction\",\"target\":{\"@type\":\"EntryPoint\",\"urlTemplate\":\"https:\\\/\\\/www.bluedreamhotel.it\\\/de\\\/?s={search_term_string}\"},\"query-input\":{\"@type\":\"PropertyValueSpecification\",\"valueRequired\":true,\"valueName\":\"search_term_string\"}}],\"inLanguage\":\"de-DE\"},{\"@type\":\"Organization\",\"@id\":\"https:\\\/\\\/www.bluedreamhotel.it\\\/de\\\/#organization\",\"name\":\"Blue Dream Hotel\",\"url\":\"https:\\\/\\\/www.bluedreamhotel.it\\\/de\\\/\",\"logo\":{\"@type\":\"ImageObject\",\"inLanguage\":\"de-DE\",\"@id\":\"https:\\\/\\\/www.bluedreamhotel.it\\\/de\\\/#\\\/schema\\\/logo\\\/image\\\/\",\"url\":\"https:\\\/\\\/www.bluedreamhotel.it\\\/wp-content\\\/uploads\\\/sites\\\/238\\\/2025\\\/04\\\/logo_bluedream_c.svg\",\"contentUrl\":\"https:\\\/\\\/www.bluedreamhotel.it\\\/wp-content\\\/uploads\\\/sites\\\/238\\\/2025\\\/04\\\/logo_bluedream_c.svg\",\"width\":768,\"height\":112,\"caption\":\"Blue Dream Hotel\"},\"image\":{\"@id\":\"https:\\\/\\\/www.bluedreamhotel.it\\\/de\\\/#\\\/schema\\\/logo\\\/image\\\/\"},\"sameAs\":[\"https:\\\/\\\/www.facebook.com\\\/hotelbluedream\\\/\"]}]}<\/script>\n<!-- \/ Yoast SEO plugin. -->","yoast_head_json":{"title":"Serviceleistungen - Blue Dream Hotel -","description":"Das Fr\u00fchst\u00fcck wird von Montag bis Freitag von 07:00 bis 09:00 Uhr serviert, samstags und sonntags von 07:30 bis 09:30 Uhr.  Der Check-in ist von 14:00 bis 22:30 Uhr m\u00f6glich.  Der Check-out muss sp\u00e4testens bis 11:00 Uhr erfolgen.  Sp\u00e4ter Check-out bis 16:00 Uhr kostet \u20ac 35,00.  Kleine Haustiere sind nur auf Anfrage erlaubt, mit einem Aufpreis von \u20ac15,00 pro Tag.Eine vorherige Absprache ist erforderlich, da die daf\u00fcr vorgesehenen Zimmer nur in begrenzter Anzahl verf\u00fcgbar sind.  Der Swimmingpool ist in den Sommermonaten von 10:00 bis 19:00 Uhr ge\u00f6ffnet (Schwimmkappenpflicht).  *Glasfaser-WLAN ist kostenlos \u00fcber den Facebook-Zugang oder gegen Geb\u00fchr nutzbar..","robots":{"index":"index","follow":"follow","max-snippet":"max-snippet:-1","max-image-preview":"max-image-preview:large","max-video-preview":"max-video-preview:-1"},"canonical":"https:\/\/www.bluedreamhotel.it\/de\/serviceleistungen\/","og_locale":"de_DE","og_type":"article","og_title":"Serviceleistungen - Blue Dream Hotel -","og_description":"Das Fr\u00fchst\u00fcck wird von Montag bis Freitag von 07:00 bis 09:00 Uhr serviert, samstags und sonntags von 07:30 bis 09:30 Uhr.  Der Check-in ist von 14:00 bis 22:30 Uhr m\u00f6glich.  Der Check-out muss sp\u00e4testens bis 11:00 Uhr erfolgen.  Sp\u00e4ter Check-out bis 16:00 Uhr kostet \u20ac 35,00.  Kleine Haustiere sind nur auf Anfrage erlaubt, mit einem Aufpreis von \u20ac15,00 pro Tag.Eine vorherige Absprache ist erforderlich, da die daf\u00fcr vorgesehenen Zimmer nur in begrenzter Anzahl verf\u00fcgbar sind.  Der Swimmingpool ist in den Sommermonaten von 10:00 bis 19:00 Uhr ge\u00f6ffnet (Schwimmkappenpflicht).  *Glasfaser-WLAN ist kostenlos \u00fcber den Facebook-Zugang oder gegen Geb\u00fchr nutzbar..","og_url":"https:\/\/www.bluedreamhotel.it\/de\/serviceleistungen\/","og_site_name":"Blue Dream Hotel","article_publisher":"https:\/\/www.facebook.com\/hotelbluedream\/","article_modified_time":"2025-10-29T16:46:10+00:00","og_image":[{"width":2200,"height":1200,"url":"https:\/\/www.bluedreamhotel.it\/wp-content\/uploads\/sites\/238\/2025\/04\/blue_dream_hotel_slide_01.jpg","type":"image\/jpeg"}],"twitter_card":"summary_large_image","twitter_misc":{"Gesch\u00e4tzte Lesezeit":"1 Minute"},"schema":{"@context":"https:\/\/schema.org","@graph":[{"@type":"WebPage","@id":"https:\/\/www.bluedreamhotel.it\/de\/serviceleistungen\/","url":"https:\/\/www.bluedreamhotel.it\/de\/serviceleistungen\/","name":"Serviceleistungen - Blue Dream Hotel -","isPartOf":{"@id":"https:\/\/www.bluedreamhotel.it\/de\/#website"},"datePublished":"2025-04-09T15:03:42+00:00","dateModified":"2025-10-29T16:46:10+00:00","description":"Das Fr\u00fchst\u00fcck wird von Montag bis Freitag von 07:00 bis 09:00 Uhr serviert, samstags und sonntags von 07:30 bis 09:30 Uhr. Der Check-in ist von 14:00 bis 22:30 Uhr m\u00f6glich. Der Check-out muss sp\u00e4testens bis 11:00 Uhr erfolgen. Sp\u00e4ter Check-out bis 16:00 Uhr kostet \u20ac 35,00. Kleine Haustiere sind nur auf Anfrage erlaubt, mit einem Aufpreis von \u20ac15,00 pro Tag.Eine vorherige Absprache ist erforderlich, da die daf\u00fcr vorgesehenen Zimmer nur in begrenzter Anzahl verf\u00fcgbar sind. Der Swimmingpool ist in den Sommermonaten von 10:00 bis 19:00 Uhr ge\u00f6ffnet (Schwimmkappenpflicht). *Glasfaser-WLAN ist kostenlos \u00fcber den Facebook-Zugang oder gegen Geb\u00fchr nutzbar..","breadcrumb":{"@id":"https:\/\/www.bluedreamhotel.it\/de\/serviceleistungen\/#breadcrumb"},"inLanguage":"de-DE","potentialAction":[{"@type":"ReadAction","target":["https:\/\/www.bluedreamhotel.it\/de\/serviceleistungen\/"]}]},{"@type":"BreadcrumbList","@id":"https:\/\/www.bluedreamhotel.it\/de\/serviceleistungen\/#breadcrumb","itemListElement":[{"@type":"ListItem","position":1,"name":"Home","item":"https:\/\/www.bluedreamhotel.it\/de\/"},{"@type":"ListItem","position":2,"name":"Serviceleistungen"}]},{"@type":"WebSite","@id":"https:\/\/www.bluedreamhotel.it\/de\/#website","url":"https:\/\/www.bluedreamhotel.it\/de\/","name":"Blue Dream Hotel","description":"","publisher":{"@id":"https:\/\/www.bluedreamhotel.it\/de\/#organization"},"potentialAction":[{"@type":"SearchAction","target":{"@type":"EntryPoint","urlTemplate":"https:\/\/www.bluedreamhotel.it\/de\/?s={search_term_string}"},"query-input":{"@type":"PropertyValueSpecification","valueRequired":true,"valueName":"search_term_string"}}],"inLanguage":"de-DE"},{"@type":"Organization","@id":"https:\/\/www.bluedreamhotel.it\/de\/#organization","name":"Blue Dream Hotel","url":"https:\/\/www.bluedreamhotel.it\/de\/","logo":{"@type":"ImageObject","inLanguage":"de-DE","@id":"https:\/\/www.bluedreamhotel.it\/de\/#\/schema\/logo\/image\/","url":"https:\/\/www.bluedreamhotel.it\/wp-content\/uploads\/sites\/238\/2025\/04\/logo_bluedream_c.svg","contentUrl":"https:\/\/www.bluedreamhotel.it\/wp-content\/uploads\/sites\/238\/2025\/04\/logo_bluedream_c.svg","width":768,"height":112,"caption":"Blue Dream Hotel"},"image":{"@id":"https:\/\/www.bluedreamhotel.it\/de\/#\/schema\/logo\/image\/"},"sameAs":["https:\/\/www.facebook.com\/hotelbluedream\/"]}]}},"acf":[],"_links":{"self":[{"href":"https:\/\/www.bluedreamhotel.it\/de\/wp-json\/wp\/v2\/pages\/271","targetHints":{"allow":["GET"]}}],"collection":[{"href":"https:\/\/www.bluedreamhotel.it\/de\/wp-json\/wp\/v2\/pages"}],"about":[{"href":"https:\/\/www.bluedreamhotel.it\/de\/wp-json\/wp\/v2\/types\/page"}],"author":[{"embeddable":true,"href":"https:\/\/www.bluedreamhotel.it\/de\/wp-json\/wp\/v2\/users\/26"}],"replies":[{"embeddable":true,"href":"https:\/\/www.bluedreamhotel.it\/de\/wp-json\/wp\/v2\/comments?post=271"}],"version-history":[{"count":0,"href":"https:\/\/www.bluedreamhotel.it\/de\/wp-json\/wp\/v2\/pages\/271\/revisions"}],"wp:attachment":[{"href":"https:\/\/www.bluedreamhotel.it\/de\/wp-json\/wp\/v2\/media?parent=271"}],"curies":[{"name":"wp","href":"https:\/\/api.w.org\/{rel}","templated":true}]}}