{"id":252,"date":"2025-04-08T16:06:41","date_gmt":"2025-04-08T16:06:41","guid":{"rendered":"https:\/\/bluedreamhotel.ms2.decms.eu\/?page_id=252"},"modified":"2025-06-16T15:34:31","modified_gmt":"2025-06-16T15:34:31","slug":"business-meeting","status":"publish","type":"page","link":"https:\/\/www.bluedreamhotel.it\/de\/business-meeting\/","title":{"rendered":"Business &#038; Meeting"},"content":{"rendered":"<p>In unseren multifunktionalen R\u00e4umen haben Sie die M\u00f6glichkeit, Meetings und Gesch\u00e4ftstreffen f\u00fcr 10 bis 200 Personen zu organisieren, mit der M\u00f6glichkeit, den privaten Garten f\u00fcr Ihre Veranstaltungen zu nutzen.<\/p>\n<p>Wir liegen in der N\u00e4he der Autobahn A13 und verf\u00fcgen \u00fcber gro\u00dfz\u00fcgige Au\u00dfen- und Innenparkpl\u00e4tze.<\/p>\n","protected":false},"excerpt":{"rendered":"<p>In unseren multifunktionalen R\u00e4umen haben Sie die M\u00f6glichkeit, Meetings und Gesch\u00e4ftstreffen f\u00fcr 10 bis 200 Personen zu organisieren, mit der M\u00f6glichkeit, den privaten Garten f\u00fcr Ihre Veranstaltungen zu nutzen. Wir liegen in der N\u00e4he der Autobahn A13 und verf\u00fcgen \u00fcber gro\u00dfz\u00fcgige Au\u00dfen- und Innenparkpl\u00e4tze.<\/p>\n","protected":false},"author":26,"featured_media":0,"parent":0,"menu_order":30,"comment_status":"closed","ping_status":"closed","template":"template-meeting.php","meta":{"footnotes":""},"yoast_head":"<!-- This site is optimized with the Yoast SEO plugin v22.3 - https:\/\/yoast.com\/wordpress\/plugins\/seo\/ -->\n<title>Business &amp; Meeting - Blue Dream Hotel -<\/title>\n<meta name=\"description\" content=\"In unseren multifunktionalen R\u00e4umen haben Sie die M\u00f6glichkeit, Meetings und Gesch\u00e4ftstreffen f\u00fcr 10 bis 200 Personen zu organisieren, mit der M\u00f6glichkeit, den privaten Garten f\u00fcr Ihre Veranstaltungen zu nutzen.  Wir liegen in der N\u00e4he der Autobahn A13 und verf\u00fcgen \u00fcber gro\u00dfz\u00fcgige Au\u00dfen- und Innenparkpl\u00e4tze..\" \/>\n<meta name=\"robots\" content=\"index, follow, max-snippet:-1, max-image-preview:large, max-video-preview:-1\" \/>\n<link rel=\"canonical\" href=\"https:\/\/www.bluedreamhotel.it\/de\/business-meeting\/\" \/>\n<meta property=\"og:locale\" content=\"de_DE\" \/>\n<meta property=\"og:type\" content=\"article\" \/>\n<meta property=\"og:title\" content=\"Business &amp; Meeting - Blue Dream Hotel -\" \/>\n<meta property=\"og:description\" content=\"In unseren multifunktionalen R\u00e4umen haben Sie die M\u00f6glichkeit, Meetings und Gesch\u00e4ftstreffen f\u00fcr 10 bis 200 Personen zu organisieren, mit der M\u00f6glichkeit, den privaten Garten f\u00fcr Ihre Veranstaltungen zu nutzen.  Wir liegen in der N\u00e4he der Autobahn A13 und verf\u00fcgen \u00fcber gro\u00dfz\u00fcgige Au\u00dfen- und Innenparkpl\u00e4tze..\" \/>\n<meta property=\"og:url\" content=\"https:\/\/www.bluedreamhotel.it\/de\/business-meeting\/\" \/>\n<meta property=\"og:site_name\" content=\"Blue Dream Hotel\" \/>\n<meta property=\"article:publisher\" content=\"https:\/\/www.facebook.com\/hotelbluedream\/\" \/>\n<meta property=\"article:modified_time\" content=\"2025-06-16T15:34:31+00:00\" \/>\n<meta property=\"og:image\" content=\"https:\/\/www.bluedreamhotel.it\/wp-content\/uploads\/sites\/238\/2025\/04\/blue_dream_hotel_slide_01.jpg\" \/>\n\t<meta property=\"og:image:width\" content=\"2200\" \/>\n\t<meta property=\"og:image:height\" content=\"1200\" \/>\n\t<meta property=\"og:image:type\" content=\"image\/jpeg\" \/>\n<meta name=\"twitter:card\" content=\"summary_large_image\" \/>\n<meta name=\"twitter:label1\" content=\"Gesch\u00e4tzte Lesezeit\" \/>\n\t<meta name=\"twitter:data1\" content=\"1 Minute\" \/>\n<script type=\"application\/ld+json\" class=\"yoast-schema-graph\">{\"@context\":\"https:\/\/schema.org\",\"@graph\":[{\"@type\":\"WebPage\",\"@id\":\"https:\/\/www.bluedreamhotel.it\/de\/business-meeting\/\",\"url\":\"https:\/\/www.bluedreamhotel.it\/de\/business-meeting\/\",\"name\":\"Business & Meeting - Blue Dream Hotel -\",\"isPartOf\":{\"@id\":\"https:\/\/www.bluedreamhotel.it\/de\/#website\"},\"datePublished\":\"2025-04-08T16:06:41+00:00\",\"dateModified\":\"2025-06-16T15:34:31+00:00\",\"description\":\"In unseren multifunktionalen R\u00e4umen haben Sie die M\u00f6glichkeit, Meetings und Gesch\u00e4ftstreffen f\u00fcr 10 bis 200 Personen zu organisieren, mit der M\u00f6glichkeit, den privaten Garten f\u00fcr Ihre Veranstaltungen zu nutzen. Wir liegen in der N\u00e4he der Autobahn A13 und verf\u00fcgen \u00fcber gro\u00dfz\u00fcgige Au\u00dfen- und Innenparkpl\u00e4tze..\",\"breadcrumb\":{\"@id\":\"https:\/\/www.bluedreamhotel.it\/de\/business-meeting\/#breadcrumb\"},\"inLanguage\":\"de-DE\",\"potentialAction\":[{\"@type\":\"ReadAction\",\"target\":[\"https:\/\/www.bluedreamhotel.it\/de\/business-meeting\/\"]}]},{\"@type\":\"BreadcrumbList\",\"@id\":\"https:\/\/www.bluedreamhotel.it\/de\/business-meeting\/#breadcrumb\",\"itemListElement\":[{\"@type\":\"ListItem\",\"position\":1,\"name\":\"Home\",\"item\":\"https:\/\/www.bluedreamhotel.it\/de\/\"},{\"@type\":\"ListItem\",\"position\":2,\"name\":\"Business &#038; Meeting\"}]},{\"@type\":\"WebSite\",\"@id\":\"https:\/\/www.bluedreamhotel.it\/de\/#website\",\"url\":\"https:\/\/www.bluedreamhotel.it\/de\/\",\"name\":\"Blue Dream Hotel\",\"description\":\"\",\"publisher\":{\"@id\":\"https:\/\/www.bluedreamhotel.it\/de\/#organization\"},\"potentialAction\":[{\"@type\":\"SearchAction\",\"target\":{\"@type\":\"EntryPoint\",\"urlTemplate\":\"https:\/\/www.bluedreamhotel.it\/de\/?s={search_term_string}\"},\"query-input\":\"required name=search_term_string\"}],\"inLanguage\":\"de-DE\"},{\"@type\":\"Organization\",\"@id\":\"https:\/\/www.bluedreamhotel.it\/de\/#organization\",\"name\":\"Blue Dream Hotel\",\"url\":\"https:\/\/www.bluedreamhotel.it\/de\/\",\"logo\":{\"@type\":\"ImageObject\",\"inLanguage\":\"de-DE\",\"@id\":\"https:\/\/www.bluedreamhotel.it\/de\/#\/schema\/logo\/image\/\",\"url\":\"https:\/\/www.bluedreamhotel.it\/wp-content\/uploads\/sites\/238\/2025\/04\/logo_bluedream_c.svg\",\"contentUrl\":\"https:\/\/www.bluedreamhotel.it\/wp-content\/uploads\/sites\/238\/2025\/04\/logo_bluedream_c.svg\",\"width\":768,\"height\":112,\"caption\":\"Blue Dream Hotel\"},\"image\":{\"@id\":\"https:\/\/www.bluedreamhotel.it\/de\/#\/schema\/logo\/image\/\"},\"sameAs\":[\"https:\/\/www.facebook.com\/hotelbluedream\/\"]}]}<\/script>\n<!-- \/ Yoast SEO plugin. -->","yoast_head_json":{"title":"Business & Meeting - Blue Dream Hotel -","description":"In unseren multifunktionalen R\u00e4umen haben Sie die M\u00f6glichkeit, Meetings und Gesch\u00e4ftstreffen f\u00fcr 10 bis 200 Personen zu organisieren, mit der M\u00f6glichkeit, den privaten Garten f\u00fcr Ihre Veranstaltungen zu nutzen.  Wir liegen in der N\u00e4he der Autobahn A13 und verf\u00fcgen \u00fcber gro\u00dfz\u00fcgige Au\u00dfen- und Innenparkpl\u00e4tze..","robots":{"index":"index","follow":"follow","max-snippet":"max-snippet:-1","max-image-preview":"max-image-preview:large","max-video-preview":"max-video-preview:-1"},"canonical":"https:\/\/www.bluedreamhotel.it\/de\/business-meeting\/","og_locale":"de_DE","og_type":"article","og_title":"Business & Meeting - Blue Dream Hotel -","og_description":"In unseren multifunktionalen R\u00e4umen haben Sie die M\u00f6glichkeit, Meetings und Gesch\u00e4ftstreffen f\u00fcr 10 bis 200 Personen zu organisieren, mit der M\u00f6glichkeit, den privaten Garten f\u00fcr Ihre Veranstaltungen zu nutzen.  Wir liegen in der N\u00e4he der Autobahn A13 und verf\u00fcgen \u00fcber gro\u00dfz\u00fcgige Au\u00dfen- und Innenparkpl\u00e4tze..","og_url":"https:\/\/www.bluedreamhotel.it\/de\/business-meeting\/","og_site_name":"Blue Dream Hotel","article_publisher":"https:\/\/www.facebook.com\/hotelbluedream\/","article_modified_time":"2025-06-16T15:34:31+00:00","og_image":[{"width":2200,"height":1200,"url":"https:\/\/www.bluedreamhotel.it\/wp-content\/uploads\/sites\/238\/2025\/04\/blue_dream_hotel_slide_01.jpg","type":"image\/jpeg"}],"twitter_card":"summary_large_image","twitter_misc":{"Gesch\u00e4tzte Lesezeit":"1 Minute"},"schema":{"@context":"https:\/\/schema.org","@graph":[{"@type":"WebPage","@id":"https:\/\/www.bluedreamhotel.it\/de\/business-meeting\/","url":"https:\/\/www.bluedreamhotel.it\/de\/business-meeting\/","name":"Business & Meeting - Blue Dream Hotel -","isPartOf":{"@id":"https:\/\/www.bluedreamhotel.it\/de\/#website"},"datePublished":"2025-04-08T16:06:41+00:00","dateModified":"2025-06-16T15:34:31+00:00","description":"In unseren multifunktionalen R\u00e4umen haben Sie die M\u00f6glichkeit, Meetings und Gesch\u00e4ftstreffen f\u00fcr 10 bis 200 Personen zu organisieren, mit der M\u00f6glichkeit, den privaten Garten f\u00fcr Ihre Veranstaltungen zu nutzen. Wir liegen in der N\u00e4he der Autobahn A13 und verf\u00fcgen \u00fcber gro\u00dfz\u00fcgige Au\u00dfen- und Innenparkpl\u00e4tze..","breadcrumb":{"@id":"https:\/\/www.bluedreamhotel.it\/de\/business-meeting\/#breadcrumb"},"inLanguage":"de-DE","potentialAction":[{"@type":"ReadAction","target":["https:\/\/www.bluedreamhotel.it\/de\/business-meeting\/"]}]},{"@type":"BreadcrumbList","@id":"https:\/\/www.bluedreamhotel.it\/de\/business-meeting\/#breadcrumb","itemListElement":[{"@type":"ListItem","position":1,"name":"Home","item":"https:\/\/www.bluedreamhotel.it\/de\/"},{"@type":"ListItem","position":2,"name":"Business &#038; Meeting"}]},{"@type":"WebSite","@id":"https:\/\/www.bluedreamhotel.it\/de\/#website","url":"https:\/\/www.bluedreamhotel.it\/de\/","name":"Blue Dream Hotel","description":"","publisher":{"@id":"https:\/\/www.bluedreamhotel.it\/de\/#organization"},"potentialAction":[{"@type":"SearchAction","target":{"@type":"EntryPoint","urlTemplate":"https:\/\/www.bluedreamhotel.it\/de\/?s={search_term_string}"},"query-input":"required name=search_term_string"}],"inLanguage":"de-DE"},{"@type":"Organization","@id":"https:\/\/www.bluedreamhotel.it\/de\/#organization","name":"Blue Dream Hotel","url":"https:\/\/www.bluedreamhotel.it\/de\/","logo":{"@type":"ImageObject","inLanguage":"de-DE","@id":"https:\/\/www.bluedreamhotel.it\/de\/#\/schema\/logo\/image\/","url":"https:\/\/www.bluedreamhotel.it\/wp-content\/uploads\/sites\/238\/2025\/04\/logo_bluedream_c.svg","contentUrl":"https:\/\/www.bluedreamhotel.it\/wp-content\/uploads\/sites\/238\/2025\/04\/logo_bluedream_c.svg","width":768,"height":112,"caption":"Blue Dream Hotel"},"image":{"@id":"https:\/\/www.bluedreamhotel.it\/de\/#\/schema\/logo\/image\/"},"sameAs":["https:\/\/www.facebook.com\/hotelbluedream\/"]}]}},"acf":[],"_links":{"self":[{"href":"https:\/\/www.bluedreamhotel.it\/de\/wp-json\/wp\/v2\/pages\/252"}],"collection":[{"href":"https:\/\/www.bluedreamhotel.it\/de\/wp-json\/wp\/v2\/pages"}],"about":[{"href":"https:\/\/www.bluedreamhotel.it\/de\/wp-json\/wp\/v2\/types\/page"}],"author":[{"embeddable":true,"href":"https:\/\/www.bluedreamhotel.it\/de\/wp-json\/wp\/v2\/users\/26"}],"replies":[{"embeddable":true,"href":"https:\/\/www.bluedreamhotel.it\/de\/wp-json\/wp\/v2\/comments?post=252"}],"version-history":[{"count":0,"href":"https:\/\/www.bluedreamhotel.it\/de\/wp-json\/wp\/v2\/pages\/252\/revisions"}],"wp:attachment":[{"href":"https:\/\/www.bluedreamhotel.it\/de\/wp-json\/wp\/v2\/media?parent=252"}],"curies":[{"name":"wp","href":"https:\/\/api.w.org\/{rel}","templated":true}]}}