{"id":242,"date":"2025-04-08T16:08:02","date_gmt":"2025-04-08T16:08:02","guid":{"rendered":"https:\/\/bluedreamhotel.ms2.decms.eu\/?page_id=242"},"modified":"2025-06-06T13:29:47","modified_gmt":"2025-06-06T13:29:47","slug":"light-doppelzimmer","status":"publish","type":"page","link":"https:\/\/www.bluedreamhotel.it\/de\/zimmer\/light-doppelzimmer\/","title":{"rendered":"Light Doppelzimmer"},"content":{"rendered":"<p>Ein modernes und gem\u00fctliches Zimmer f\u00fcr Paare oder Freunde auf Reisen. Verf\u00fcgbar mit einem Doppelbett oder zwei separaten franz\u00f6sischen Einzelbetten (eineinhalb Gr\u00f6\u00dfe), bietet es alles Notwendige f\u00fcr einen praktischen und entspannten Aufenthalt.<\/p>\n","protected":false},"excerpt":{"rendered":"<p>Ein modernes und gem\u00fctliches Zimmer f\u00fcr Paare oder Freunde auf Reisen. Verf\u00fcgbar mit einem Doppelbett oder zwei separaten franz\u00f6sischen Einzelbetten (eineinhalb Gr\u00f6\u00dfe), bietet es alles Notwendige f\u00fcr einen praktischen und entspannten Aufenthalt.<\/p>\n","protected":false},"author":26,"featured_media":0,"parent":239,"menu_order":10,"comment_status":"closed","ping_status":"closed","template":"template-single-room.php","meta":{"footnotes":""},"yoast_head":"<!-- This site is optimized with the Yoast SEO plugin v22.3 - https:\/\/yoast.com\/wordpress\/plugins\/seo\/ -->\n<title>Light Doppelzimmer - Blue Dream Hotel -<\/title>\n<meta name=\"description\" content=\"Ein modernes und gem\u00fctliches Zimmer f\u00fcr Paare oder Freunde auf Reisen. Verf\u00fcgbar mit einem Doppelbett oder zwei separaten franz\u00f6sischen Einzelbetten (eineinhalb Gr\u00f6\u00dfe), bietet es alles Notwendige f\u00fcr einen praktischen und entspannten Aufenthalt.\" \/>\n<meta name=\"robots\" content=\"index, follow, max-snippet:-1, max-image-preview:large, max-video-preview:-1\" \/>\n<link rel=\"canonical\" href=\"https:\/\/www.bluedreamhotel.it\/de\/zimmer\/light-doppelzimmer\/\" \/>\n<meta property=\"og:locale\" content=\"de_DE\" \/>\n<meta property=\"og:type\" content=\"article\" \/>\n<meta property=\"og:title\" content=\"Light Doppelzimmer - Blue Dream Hotel -\" \/>\n<meta property=\"og:description\" content=\"Ein modernes und gem\u00fctliches Zimmer f\u00fcr Paare oder Freunde auf Reisen. Verf\u00fcgbar mit einem Doppelbett oder zwei separaten franz\u00f6sischen Einzelbetten (eineinhalb Gr\u00f6\u00dfe), bietet es alles Notwendige f\u00fcr einen praktischen und entspannten Aufenthalt.\" \/>\n<meta property=\"og:url\" content=\"https:\/\/www.bluedreamhotel.it\/de\/zimmer\/light-doppelzimmer\/\" \/>\n<meta property=\"og:site_name\" content=\"Blue Dream Hotel\" \/>\n<meta property=\"article:publisher\" content=\"https:\/\/www.facebook.com\/hotelbluedream\/\" \/>\n<meta property=\"article:modified_time\" content=\"2025-06-06T13:29:47+00:00\" \/>\n<meta property=\"og:image\" content=\"https:\/\/www.bluedreamhotel.it\/wp-content\/uploads\/sites\/238\/2025\/04\/blue_dream_hotel_slide_01.jpg\" \/>\n\t<meta property=\"og:image:width\" content=\"2200\" \/>\n\t<meta property=\"og:image:height\" content=\"1200\" \/>\n\t<meta property=\"og:image:type\" content=\"image\/jpeg\" \/>\n<meta name=\"twitter:card\" content=\"summary_large_image\" \/>\n<meta name=\"twitter:label1\" content=\"Gesch\u00e4tzte Lesezeit\" \/>\n\t<meta name=\"twitter:data1\" content=\"1 Minute\" \/>\n<script type=\"application\/ld+json\" class=\"yoast-schema-graph\">{\"@context\":\"https:\/\/schema.org\",\"@graph\":[{\"@type\":\"WebPage\",\"@id\":\"https:\/\/www.bluedreamhotel.it\/de\/zimmer\/light-doppelzimmer\/\",\"url\":\"https:\/\/www.bluedreamhotel.it\/de\/zimmer\/light-doppelzimmer\/\",\"name\":\"Light Doppelzimmer - Blue Dream Hotel -\",\"isPartOf\":{\"@id\":\"https:\/\/www.bluedreamhotel.it\/de\/#website\"},\"datePublished\":\"2025-04-08T16:08:02+00:00\",\"dateModified\":\"2025-06-06T13:29:47+00:00\",\"description\":\"Ein modernes und gem\u00fctliches Zimmer f\u00fcr Paare oder Freunde auf Reisen. Verf\u00fcgbar mit einem Doppelbett oder zwei separaten franz\u00f6sischen Einzelbetten (eineinhalb Gr\u00f6\u00dfe), bietet es alles Notwendige f\u00fcr einen praktischen und entspannten Aufenthalt.\",\"breadcrumb\":{\"@id\":\"https:\/\/www.bluedreamhotel.it\/de\/zimmer\/light-doppelzimmer\/#breadcrumb\"},\"inLanguage\":\"de-DE\",\"potentialAction\":[{\"@type\":\"ReadAction\",\"target\":[\"https:\/\/www.bluedreamhotel.it\/de\/zimmer\/light-doppelzimmer\/\"]}]},{\"@type\":\"BreadcrumbList\",\"@id\":\"https:\/\/www.bluedreamhotel.it\/de\/zimmer\/light-doppelzimmer\/#breadcrumb\",\"itemListElement\":[{\"@type\":\"ListItem\",\"position\":1,\"name\":\"Home\",\"item\":\"https:\/\/www.bluedreamhotel.it\/de\/\"},{\"@type\":\"ListItem\",\"position\":2,\"name\":\"Zimmer\",\"item\":\"https:\/\/www.bluedreamhotel.it\/de\/zimmer\/\"},{\"@type\":\"ListItem\",\"position\":3,\"name\":\"Light Doppelzimmer\"}]},{\"@type\":\"WebSite\",\"@id\":\"https:\/\/www.bluedreamhotel.it\/de\/#website\",\"url\":\"https:\/\/www.bluedreamhotel.it\/de\/\",\"name\":\"Blue Dream Hotel\",\"description\":\"\",\"publisher\":{\"@id\":\"https:\/\/www.bluedreamhotel.it\/de\/#organization\"},\"potentialAction\":[{\"@type\":\"SearchAction\",\"target\":{\"@type\":\"EntryPoint\",\"urlTemplate\":\"https:\/\/www.bluedreamhotel.it\/de\/?s={search_term_string}\"},\"query-input\":\"required name=search_term_string\"}],\"inLanguage\":\"de-DE\"},{\"@type\":\"Organization\",\"@id\":\"https:\/\/www.bluedreamhotel.it\/de\/#organization\",\"name\":\"Blue Dream Hotel\",\"url\":\"https:\/\/www.bluedreamhotel.it\/de\/\",\"logo\":{\"@type\":\"ImageObject\",\"inLanguage\":\"de-DE\",\"@id\":\"https:\/\/www.bluedreamhotel.it\/de\/#\/schema\/logo\/image\/\",\"url\":\"https:\/\/www.bluedreamhotel.it\/wp-content\/uploads\/sites\/238\/2025\/04\/logo_bluedream_c.svg\",\"contentUrl\":\"https:\/\/www.bluedreamhotel.it\/wp-content\/uploads\/sites\/238\/2025\/04\/logo_bluedream_c.svg\",\"width\":768,\"height\":112,\"caption\":\"Blue Dream Hotel\"},\"image\":{\"@id\":\"https:\/\/www.bluedreamhotel.it\/de\/#\/schema\/logo\/image\/\"},\"sameAs\":[\"https:\/\/www.facebook.com\/hotelbluedream\/\"]}]}<\/script>\n<!-- \/ Yoast SEO plugin. -->","yoast_head_json":{"title":"Light Doppelzimmer - Blue Dream Hotel -","description":"Ein modernes und gem\u00fctliches Zimmer f\u00fcr Paare oder Freunde auf Reisen. Verf\u00fcgbar mit einem Doppelbett oder zwei separaten franz\u00f6sischen Einzelbetten (eineinhalb Gr\u00f6\u00dfe), bietet es alles Notwendige f\u00fcr einen praktischen und entspannten Aufenthalt.","robots":{"index":"index","follow":"follow","max-snippet":"max-snippet:-1","max-image-preview":"max-image-preview:large","max-video-preview":"max-video-preview:-1"},"canonical":"https:\/\/www.bluedreamhotel.it\/de\/zimmer\/light-doppelzimmer\/","og_locale":"de_DE","og_type":"article","og_title":"Light Doppelzimmer - Blue Dream Hotel -","og_description":"Ein modernes und gem\u00fctliches Zimmer f\u00fcr Paare oder Freunde auf Reisen. Verf\u00fcgbar mit einem Doppelbett oder zwei separaten franz\u00f6sischen Einzelbetten (eineinhalb Gr\u00f6\u00dfe), bietet es alles Notwendige f\u00fcr einen praktischen und entspannten Aufenthalt.","og_url":"https:\/\/www.bluedreamhotel.it\/de\/zimmer\/light-doppelzimmer\/","og_site_name":"Blue Dream Hotel","article_publisher":"https:\/\/www.facebook.com\/hotelbluedream\/","article_modified_time":"2025-06-06T13:29:47+00:00","og_image":[{"width":2200,"height":1200,"url":"https:\/\/www.bluedreamhotel.it\/wp-content\/uploads\/sites\/238\/2025\/04\/blue_dream_hotel_slide_01.jpg","type":"image\/jpeg"}],"twitter_card":"summary_large_image","twitter_misc":{"Gesch\u00e4tzte Lesezeit":"1 Minute"},"schema":{"@context":"https:\/\/schema.org","@graph":[{"@type":"WebPage","@id":"https:\/\/www.bluedreamhotel.it\/de\/zimmer\/light-doppelzimmer\/","url":"https:\/\/www.bluedreamhotel.it\/de\/zimmer\/light-doppelzimmer\/","name":"Light Doppelzimmer - Blue Dream Hotel -","isPartOf":{"@id":"https:\/\/www.bluedreamhotel.it\/de\/#website"},"datePublished":"2025-04-08T16:08:02+00:00","dateModified":"2025-06-06T13:29:47+00:00","description":"Ein modernes und gem\u00fctliches Zimmer f\u00fcr Paare oder Freunde auf Reisen. Verf\u00fcgbar mit einem Doppelbett oder zwei separaten franz\u00f6sischen Einzelbetten (eineinhalb Gr\u00f6\u00dfe), bietet es alles Notwendige f\u00fcr einen praktischen und entspannten Aufenthalt.","breadcrumb":{"@id":"https:\/\/www.bluedreamhotel.it\/de\/zimmer\/light-doppelzimmer\/#breadcrumb"},"inLanguage":"de-DE","potentialAction":[{"@type":"ReadAction","target":["https:\/\/www.bluedreamhotel.it\/de\/zimmer\/light-doppelzimmer\/"]}]},{"@type":"BreadcrumbList","@id":"https:\/\/www.bluedreamhotel.it\/de\/zimmer\/light-doppelzimmer\/#breadcrumb","itemListElement":[{"@type":"ListItem","position":1,"name":"Home","item":"https:\/\/www.bluedreamhotel.it\/de\/"},{"@type":"ListItem","position":2,"name":"Zimmer","item":"https:\/\/www.bluedreamhotel.it\/de\/zimmer\/"},{"@type":"ListItem","position":3,"name":"Light Doppelzimmer"}]},{"@type":"WebSite","@id":"https:\/\/www.bluedreamhotel.it\/de\/#website","url":"https:\/\/www.bluedreamhotel.it\/de\/","name":"Blue Dream Hotel","description":"","publisher":{"@id":"https:\/\/www.bluedreamhotel.it\/de\/#organization"},"potentialAction":[{"@type":"SearchAction","target":{"@type":"EntryPoint","urlTemplate":"https:\/\/www.bluedreamhotel.it\/de\/?s={search_term_string}"},"query-input":"required name=search_term_string"}],"inLanguage":"de-DE"},{"@type":"Organization","@id":"https:\/\/www.bluedreamhotel.it\/de\/#organization","name":"Blue Dream Hotel","url":"https:\/\/www.bluedreamhotel.it\/de\/","logo":{"@type":"ImageObject","inLanguage":"de-DE","@id":"https:\/\/www.bluedreamhotel.it\/de\/#\/schema\/logo\/image\/","url":"https:\/\/www.bluedreamhotel.it\/wp-content\/uploads\/sites\/238\/2025\/04\/logo_bluedream_c.svg","contentUrl":"https:\/\/www.bluedreamhotel.it\/wp-content\/uploads\/sites\/238\/2025\/04\/logo_bluedream_c.svg","width":768,"height":112,"caption":"Blue Dream Hotel"},"image":{"@id":"https:\/\/www.bluedreamhotel.it\/de\/#\/schema\/logo\/image\/"},"sameAs":["https:\/\/www.facebook.com\/hotelbluedream\/"]}]}},"acf":[],"_links":{"self":[{"href":"https:\/\/www.bluedreamhotel.it\/de\/wp-json\/wp\/v2\/pages\/242"}],"collection":[{"href":"https:\/\/www.bluedreamhotel.it\/de\/wp-json\/wp\/v2\/pages"}],"about":[{"href":"https:\/\/www.bluedreamhotel.it\/de\/wp-json\/wp\/v2\/types\/page"}],"author":[{"embeddable":true,"href":"https:\/\/www.bluedreamhotel.it\/de\/wp-json\/wp\/v2\/users\/26"}],"replies":[{"embeddable":true,"href":"https:\/\/www.bluedreamhotel.it\/de\/wp-json\/wp\/v2\/comments?post=242"}],"version-history":[{"count":0,"href":"https:\/\/www.bluedreamhotel.it\/de\/wp-json\/wp\/v2\/pages\/242\/revisions"}],"up":[{"embeddable":true,"href":"https:\/\/www.bluedreamhotel.it\/de\/wp-json\/wp\/v2\/pages\/239"}],"wp:attachment":[{"href":"https:\/\/www.bluedreamhotel.it\/de\/wp-json\/wp\/v2\/media?parent=242"}],"curies":[{"name":"wp","href":"https:\/\/api.w.org\/{rel}","templated":true}]}}